{"id":746,"date":"2019-04-29T00:03:56","date_gmt":"2019-04-28T22:03:56","guid":{"rendered":"http:\/\/macrobioticamasserinya.com\/contacte\/"},"modified":"2019-06-05T11:26:26","modified_gmt":"2019-06-05T09:26:26","slug":"contact","status":"publish","type":"page","link":"https:\/\/macrobioticamasserinya.com\/en\/contact\/","title":{"rendered":"Contact"},"content":{"rendered":"<p>[et_pb_section fb_built=&#8221;1&#8243; fullwidth=&#8221;on&#8221; _builder_version=&#8221;3.21.2&#8243;][et_pb_fullwidth_header header_fullscreen=&#8221;on&#8221; _builder_version=&#8221;3.21.2&#8243; background_image=&#8221;http:\/\/macrobioticamasserinya.com\/wp-content\/uploads\/2019\/05\/fotocontacte.jpg&#8221;][\/et_pb_fullwidth_header][\/et_pb_section][et_pb_section fb_built=&#8221;1&#8243; _builder_version=&#8221;3.21.2&#8243; top_divider_style=&#8221;graph3&#8243; top_divider_color=&#8221;#e09900&#8243;][et_pb_row custom_margin=&#8221;95px||&#8221; _builder_version=&#8221;3.21.2&#8243;][et_pb_column type=&#8221;1_3&#8243; _builder_version=&#8221;3.21.2&#8243;][et_pb_text _builder_version=&#8221;3.21.2&#8243; border_width_all=&#8221;5px&#8221; border_color_all=&#8221;#0c71c3&#8243; animation_style=&#8221;roll&#8221;]<\/p>\n<p><iframe loading=\"lazy\" src=\"https:\/\/www.google.com\/maps\/embed?pb=!1m18!1m12!1m3!1d11878.89037717244!2d2.818037263772287!3d41.898822665894095!2m3!1f0!2f0!3f0!3m2!1i1024!2i768!4f13.1!3m3!1m2!1s0x0%3A0x2f2e1e9973da5bc1!2sMacrobiotica+Mas+Serinya!5e0!3m2!1ses!2ses!4v1556488376320!5m2!1ses!2ses\" width=\"400\" height=\"300\" frameborder=\"0\" style=\"border: 0;\" allowfullscreen=\"\"><\/iframe><\/p>\n<p>[\/et_pb_text][\/et_pb_column][et_pb_column type=&#8221;1_3&#8243; _builder_version=&#8221;3.21.2&#8243;][et_pb_blurb title=&#8221;Phone +34 640 70 99 96&#8243; use_icon=&#8221;on&#8221; font_icon=&#8221;%%264%%&#8221; icon_color=&#8221;#0a9eb5&#8243; use_icon_font_size=&#8221;on&#8221; icon_font_size=&#8221;112px&#8221; _builder_version=&#8221;3.21.2&#8243; header_font=&#8221;||||||||&#8221; header_text_align=&#8221;center&#8221; header_text_color=&#8221;#e09900&#8243; animation_style=&#8221;roll&#8221;][\/et_pb_blurb][\/et_pb_column][et_pb_column type=&#8221;1_3&#8243; _builder_version=&#8221;3.21.2&#8243;][et_pb_blurb title=&#8221;masserinya@gmail.com&#8221; use_icon=&#8221;on&#8221; font_icon=&#8221;%%238%%&#8221; icon_color=&#8221;#0a9eb5&#8243; use_icon_font_size=&#8221;on&#8221; icon_font_size=&#8221;112px&#8221; _builder_version=&#8221;3.21.2&#8243; header_font=&#8221;||||||||&#8221; header_text_align=&#8221;center&#8221; header_text_color=&#8221;#e09900&#8243; animation_style=&#8221;roll&#8221;][\/et_pb_blurb][\/et_pb_column][\/et_pb_row][\/et_pb_section][et_pb_section fb_built=&#8221;1&#8243; _builder_version=&#8221;3.21.2&#8243;][et_pb_row _builder_version=&#8221;3.21.2&#8243;][et_pb_column type=&#8221;4_4&#8243; _builder_version=&#8221;3.21.2&#8243;][et_pb_button button_text=&#8221;Make your booking!!&#8221; _builder_version=&#8221;3.21.2&#8243; custom_button=&#8221;on&#8221; button_text_size=&#8221;28px&#8221; button_text_color=&#8221;#ffffff&#8221; button_bg_color=&#8221;#e09900&#8243; button_border_color=&#8221;#e09900&#8243; button_font=&#8221;||||||||&#8221;][\/et_pb_button][\/et_pb_column][\/et_pb_row][et_pb_row _builder_version=&#8221;3.21.2&#8243;][et_pb_column type=&#8221;3_5&#8243; _builder_version=&#8221;3.21.2&#8243;][et_pb_contact_form captcha=&#8221;off&#8221; email=&#8221;masserinya@gmail.com&#8221; custom_message=&#8221;Este mensage viene de tu web www.masserinya.com||et_pb_line_break_holder||||et_pb_line_break_holder||%%Name%%||et_pb_line_break_holder||%%Email%%||et_pb_line_break_holder||%%telefono%%||et_pb_line_break_holder||%%Message%%||et_pb_line_break_holder||%%aceptacion%%||et_pb_line_break_holder||&#8221; success_message=&#8221;thanks for sending us the message !!&#8221; submit_button_text=&#8221;send message&#8221; form_background_color=&#8221;#0c71c3&#8243; _builder_version=&#8221;3.21.2&#8243; form_field_font=&#8221;||||||||&#8221; form_field_text_color=&#8221;#ffffff&#8221; form_field_font_size=&#8221;19px&#8221; custom_button=&#8221;on&#8221; button_text_color=&#8221;#0c71c3&#8243; button_font=&#8221;||||||||&#8221;][et_pb_contact_field field_id=&#8221;Name&#8221; field_title=&#8221;Name&#8221; _builder_version=&#8221;3.21.2&#8243; border_radii=&#8221;on||||&#8221; button_text_size__hover_enabled=&#8221;off&#8221; button_one_text_size__hover_enabled=&#8221;off&#8221; button_two_text_size__hover_enabled=&#8221;off&#8221; button_text_color__hover_enabled=&#8221;off&#8221; button_one_text_color__hover_enabled=&#8221;off&#8221; button_two_text_color__hover_enabled=&#8221;off&#8221; button_border_width__hover_enabled=&#8221;off&#8221; button_one_border_width__hover_enabled=&#8221;off&#8221; button_two_border_width__hover_enabled=&#8221;off&#8221; button_border_color__hover_enabled=&#8221;off&#8221; button_one_border_color__hover_enabled=&#8221;off&#8221; button_two_border_color__hover_enabled=&#8221;off&#8221; button_border_radius__hover_enabled=&#8221;off&#8221; button_one_border_radius__hover_enabled=&#8221;off&#8221; button_two_border_radius__hover_enabled=&#8221;off&#8221; button_letter_spacing__hover_enabled=&#8221;off&#8221; button_one_letter_spacing__hover_enabled=&#8221;off&#8221; button_two_letter_spacing__hover_enabled=&#8221;off&#8221; button_bg_color__hover_enabled=&#8221;off&#8221; button_one_bg_color__hover_enabled=&#8221;off&#8221; button_two_bg_color__hover_enabled=&#8221;off&#8221;][\/et_pb_contact_field][et_pb_contact_field field_id=&#8221;Email&#8221; field_title=&#8221;Email&#8221; field_type=&#8221;email&#8221; _builder_version=&#8221;3.21.2&#8243; border_radii=&#8221;on||||&#8221; button_text_size__hover_enabled=&#8221;off&#8221; button_one_text_size__hover_enabled=&#8221;off&#8221; button_two_text_size__hover_enabled=&#8221;off&#8221; button_text_color__hover_enabled=&#8221;off&#8221; button_one_text_color__hover_enabled=&#8221;off&#8221; button_two_text_color__hover_enabled=&#8221;off&#8221; button_border_width__hover_enabled=&#8221;off&#8221; button_one_border_width__hover_enabled=&#8221;off&#8221; button_two_border_width__hover_enabled=&#8221;off&#8221; button_border_color__hover_enabled=&#8221;off&#8221; button_one_border_color__hover_enabled=&#8221;off&#8221; button_two_border_color__hover_enabled=&#8221;off&#8221; button_border_radius__hover_enabled=&#8221;off&#8221; button_one_border_radius__hover_enabled=&#8221;off&#8221; button_two_border_radius__hover_enabled=&#8221;off&#8221; button_letter_spacing__hover_enabled=&#8221;off&#8221; button_one_letter_spacing__hover_enabled=&#8221;off&#8221; button_two_letter_spacing__hover_enabled=&#8221;off&#8221; button_bg_color__hover_enabled=&#8221;off&#8221; button_one_bg_color__hover_enabled=&#8221;off&#8221; button_two_bg_color__hover_enabled=&#8221;off&#8221;][\/et_pb_contact_field][et_pb_contact_field field_id=&#8221;telefono&#8221; field_title=&#8221;Phone&#8221; fullwidth_field=&#8221;on&#8221; _builder_version=&#8221;3.21.2&#8243;][\/et_pb_contact_field][et_pb_contact_field field_id=&#8221;Message&#8221; field_title=&#8221;what do you need?&#8221; field_type=&#8221;text&#8221; fullwidth_field=&#8221;on&#8221; _builder_version=&#8221;3.21.2&#8243; border_radii=&#8221;on||||&#8221; button_text_size__hover_enabled=&#8221;off&#8221; button_one_text_size__hover_enabled=&#8221;off&#8221; button_two_text_size__hover_enabled=&#8221;off&#8221; button_text_color__hover_enabled=&#8221;off&#8221; button_one_text_color__hover_enabled=&#8221;off&#8221; button_two_text_color__hover_enabled=&#8221;off&#8221; button_border_width__hover_enabled=&#8221;off&#8221; button_one_border_width__hover_enabled=&#8221;off&#8221; button_two_border_width__hover_enabled=&#8221;off&#8221; button_border_color__hover_enabled=&#8221;off&#8221; button_one_border_color__hover_enabled=&#8221;off&#8221; button_two_border_color__hover_enabled=&#8221;off&#8221; button_border_radius__hover_enabled=&#8221;off&#8221; button_one_border_radius__hover_enabled=&#8221;off&#8221; button_two_border_radius__hover_enabled=&#8221;off&#8221; button_letter_spacing__hover_enabled=&#8221;off&#8221; button_one_letter_spacing__hover_enabled=&#8221;off&#8221; button_two_letter_spacing__hover_enabled=&#8221;off&#8221; button_bg_color__hover_enabled=&#8221;off&#8221; button_one_bg_color__hover_enabled=&#8221;off&#8221; button_two_bg_color__hover_enabled=&#8221;off&#8221;][\/et_pb_contact_field][et_pb_contact_field field_id=&#8221;aceptacion&#8221; field_title=&#8221; &#8221; field_type=&#8221;checkbox&#8221; checkbox_options=&#8221;%91{%22value%22:%22Sending this form, you accept the legal conditions%22,%22checked%22:0,%22dragID%22:-1}%93&#8243; fullwidth_field=&#8221;on&#8221; _builder_version=&#8221;3.21.2&#8243; form_field_font=&#8221;||||||||&#8221; form_field_text_color=&#8221;#e09900&#8243;][\/et_pb_contact_field][\/et_pb_contact_form][et_pb_toggle title=&#8221;Cumplimiento de la RGPD&#8221; _builder_version=&#8221;3.21.2&#8243; title_font=&#8221;||||||||&#8221; title_text_color=&#8221;#0c71c3&#8243; title_font_size=&#8221;22px&#8221; body_font=&#8221;||||||||&#8221; body_text_color=&#8221;#0c71c3&#8243;]<\/p>\n<p><em>Para cumplir la neva lei\u00a0 de protecci\u00f3n de datos i que tus datos esten\u00a0 seguras, tienes de leer i acceptar sus<span>\u00a0<\/span><a href=\"\/?page_id=306\">condicions legales<\/a>:<\/em><\/p>\n<p>&nbsp;<\/p>\n<p><strong>.Responsable<\/strong>: Jordi Nicolau.<\/p>\n<p><strong>.Finalidad de los datos<\/strong>: Respondere al mensaje que me env\u00edes a trav\u00e9s del formulario.<\/p>\n<p><strong>.Legimitimaci\u00f3n:<\/strong><span>\u00a0<\/span>tu consentimiento de que quieres comunicarte conmigo.<\/p>\n<p><strong>.Almacenamiento de los datos:<\/strong><\/p>\n<p>Base de datos alojada en Hostinger<\/p>\n<p><strong>.Derechos<\/strong>: En qualquier momento puedes limitar, recuperar y buscar tu infaci\u00f3n.<\/p>\n<p>[\/et_pb_toggle][\/et_pb_column][et_pb_column type=&#8221;2_5&#8243; _builder_version=&#8221;3.21.2&#8243;][et_pb_text _builder_version=&#8221;3.21.2&#8243; text_font=&#8221;||||||||&#8221; text_text_color=&#8221;#e09900&#8243; text_font_size=&#8221;19px&#8221; text_line_height=&#8221;1.8em&#8221;]<\/p>\n<p><strong>Addrees:<\/strong> Mas Seriny\u00e0, Resid\u00e8ncia Casa de Pag\u00e8s, Cam\u00ed des Fornells 16 Les Ferreries. 17459 Campllong, Girona (SPAIN)<\/p>\n<p>&nbsp;<\/p>\n<p><strong>Phone:<\/strong> +34\u00a0 640 70 99 96 \/<\/p>\n<p>+34 972 46 12 67<\/p>\n<p><strong>More information:<\/strong> Come and have a stay at Mas Seriny\u00e0 where you will learn macrobiotic cuisine, making a healthy and relaxing life in a fantastic place. Near the main beaches of the Costa Brava and the city of Girona. Open all year.<\/p>\n<p>&nbsp;<\/p>\n<p>[\/et_pb_text][\/et_pb_column][\/et_pb_row][\/et_pb_section]<\/p>\n","protected":false},"excerpt":{"rendered":"<p>[et_pb_section fb_built=&#8221;1&#8243; fullwidth=&#8221;on&#8221; _builder_version=&#8221;3.21.2&#8243;][et_pb_fullwidth_header header_fullscreen=&#8221;on&#8221; _builder_version=&#8221;3.21.2&#8243; background_image=&#8221;http:\/\/macrobioticamasserinya.com\/wp-content\/uploads\/2019\/05\/fotocontacte.jpg&#8221;][\/et_pb_fullwidth_header][\/et_pb_section][et_pb_section fb_built=&#8221;1&#8243; _builder_version=&#8221;3.21.2&#8243; top_divider_style=&#8221;graph3&#8243; top_divider_color=&#8221;#e09900&#8243;][et_pb_row custom_margin=&#8221;95px||&#8221; _builder_version=&#8221;3.21.2&#8243;][et_pb_column type=&#8221;1_3&#8243; _builder_version=&#8221;3.21.2&#8243;][et_pb_text _builder_version=&#8221;3.21.2&#8243; border_width_all=&#8221;5px&#8221; border_color_all=&#8221;#0c71c3&#8243; animation_style=&#8221;roll&#8221;] [\/et_pb_text][\/et_pb_column][et_pb_column type=&#8221;1_3&#8243; _builder_version=&#8221;3.21.2&#8243;][et_pb_blurb title=&#8221;Phone +34 640 70 99 96&#8243; use_icon=&#8221;on&#8221; font_icon=&#8221;%%264%%&#8221; icon_color=&#8221;#0a9eb5&#8243; use_icon_font_size=&#8221;on&#8221; icon_font_size=&#8221;112px&#8221; _builder_version=&#8221;3.21.2&#8243; header_font=&#8221;||||||||&#8221; header_text_align=&#8221;center&#8221; header_text_color=&#8221;#e09900&#8243; animation_style=&#8221;roll&#8221;][\/et_pb_blurb][\/et_pb_column][et_pb_column type=&#8221;1_3&#8243; _builder_version=&#8221;3.21.2&#8243;][et_pb_blurb title=&#8221;masserinya@gmail.com&#8221; use_icon=&#8221;on&#8221; font_icon=&#8221;%%238%%&#8221; icon_color=&#8221;#0a9eb5&#8243; use_icon_font_size=&#8221;on&#8221; icon_font_size=&#8221;112px&#8221; _builder_version=&#8221;3.21.2&#8243; header_font=&#8221;||||||||&#8221; header_text_align=&#8221;center&#8221; header_text_color=&#8221;#e09900&#8243; animation_style=&#8221;roll&#8221;][\/et_pb_blurb][\/et_pb_column][\/et_pb_row][\/et_pb_section][et_pb_section fb_built=&#8221;1&#8243; _builder_version=&#8221;3.21.2&#8243;][et_pb_row _builder_version=&#8221;3.21.2&#8243;][et_pb_column type=&#8221;4_4&#8243; [&hellip;]<\/p>\n","protected":false},"author":1,"featured_media":0,"parent":0,"menu_order":0,"comment_status":"closed","ping_status":"closed","template":"","meta":{"_et_pb_use_builder":"on","_et_pb_old_content":"","footnotes":""},"class_list":["post-746","page","type-page","status-publish","hentry"],"_links":{"self":[{"href":"https:\/\/macrobioticamasserinya.com\/en\/wp-json\/wp\/v2\/pages\/746\/"}],"collection":[{"href":"https:\/\/macrobioticamasserinya.com\/en\/wp-json\/wp\/v2\/pages\/"}],"about":[{"href":"https:\/\/macrobioticamasserinya.com\/en\/wp-json\/wp\/v2\/types\/page\/"}],"author":[{"embeddable":true,"href":"https:\/\/macrobioticamasserinya.com\/en\/wp-json\/wp\/v2\/users\/1\/"}],"replies":[{"embeddable":true,"href":"https:\/\/macrobioticamasserinya.com\/en\/wp-json\/wp\/v2\/comments\/?post=746"}],"version-history":[{"count":2,"href":"https:\/\/macrobioticamasserinya.com\/en\/wp-json\/wp\/v2\/pages\/746\/revisions\/"}],"predecessor-version":[{"id":749,"href":"https:\/\/macrobioticamasserinya.com\/en\/wp-json\/wp\/v2\/pages\/746\/revisions\/749\/"}],"wp:attachment":[{"href":"https:\/\/macrobioticamasserinya.com\/en\/wp-json\/wp\/v2\/media\/?parent=746"}],"curies":[{"name":"wp","href":"https:\/\/api.w.org\/{rel}","templated":true}]}}