{"id":692,"date":"2019-04-29T00:03:56","date_gmt":"2019-04-28T22:03:56","guid":{"rendered":"http:\/\/macrobioticamasserinya.com\/contacte\/"},"modified":"2019-06-06T10:42:53","modified_gmt":"2019-06-06T08:42:53","slug":"contacto","status":"publish","type":"page","link":"https:\/\/macrobioticamasserinya.com\/es\/contacto\/","title":{"rendered":"Contacto"},"content":{"rendered":"<p>[et_pb_section fb_built=\u00bb1&#8243; fullwidth=\u00bbon\u00bb _builder_version=\u00bb3.21.2&#8243;][et_pb_fullwidth_header header_fullscreen=\u00bbon\u00bb _builder_version=\u00bb3.21.2&#8243; background_image=\u00bbhttp:\/\/macrobioticamasserinya.com\/wp-content\/uploads\/2019\/05\/fotocontacte.jpg\u00bb][\/et_pb_fullwidth_header][\/et_pb_section][et_pb_section fb_built=\u00bb1&#8243; _builder_version=\u00bb3.21.2&#8243; top_divider_style=\u00bbgraph3&#8243; top_divider_color=\u00bb#e09900&#8243;][et_pb_row custom_margin=\u00bb95px||\u00bb _builder_version=\u00bb3.21.2&#8243;][et_pb_column type=\u00bb1_3&#8243; _builder_version=\u00bb3.21.2&#8243;][et_pb_text _builder_version=\u00bb3.21.2&#8243; border_width_all=\u00bb5px\u00bb border_color_all=\u00bb#0c71c3&#8243; animation_style=\u00bbroll\u00bb]<\/p>\n<p><iframe loading=\"lazy\" src=\"https:\/\/www.google.com\/maps\/embed?pb=!1m18!1m12!1m3!1d11878.89037717244!2d2.818037263772287!3d41.898822665894095!2m3!1f0!2f0!3f0!3m2!1i1024!2i768!4f13.1!3m3!1m2!1s0x0%3A0x2f2e1e9973da5bc1!2sMacrobiotica+Mas+Serinya!5e0!3m2!1ses!2ses!4v1556488376320!5m2!1ses!2ses\" width=\"400\" height=\"300\" frameborder=\"0\" style=\"border: 0;\" allowfullscreen=\"\"><\/iframe><\/p>\n<p>[\/et_pb_text][\/et_pb_column][et_pb_column type=\u00bb1_3&#8243; _builder_version=\u00bb3.21.2&#8243;][et_pb_blurb title=\u00bbTel\u00e9fono +34 640 70 99 96&#8243; use_icon=\u00bbon\u00bb font_icon=\u00bb%%264%%\u00bb icon_color=\u00bb#0a9eb5&#8243; use_icon_font_size=\u00bbon\u00bb icon_font_size=\u00bb112px\u00bb _builder_version=\u00bb3.21.2&#8243; header_font=\u00bb||||||||\u00bb header_text_align=\u00bbcenter\u00bb header_text_color=\u00bb#e09900&#8243; animation_style=\u00bbroll\u00bb][\/et_pb_blurb][\/et_pb_column][et_pb_column type=\u00bb1_3&#8243; _builder_version=\u00bb3.21.2&#8243;][et_pb_blurb title=\u00bbmasserinya@gmail.com\u00bb use_icon=\u00bbon\u00bb font_icon=\u00bb%%238%%\u00bb icon_color=\u00bb#0a9eb5&#8243; use_icon_font_size=\u00bbon\u00bb icon_font_size=\u00bb112px\u00bb _builder_version=\u00bb3.21.2&#8243; header_font=\u00bb||||||||\u00bb header_text_align=\u00bbcenter\u00bb header_text_color=\u00bb#e09900&#8243; animation_style=\u00bbroll\u00bb][\/et_pb_blurb][\/et_pb_column][\/et_pb_row][\/et_pb_section][et_pb_section fb_built=\u00bb1&#8243; _builder_version=\u00bb3.21.2&#8243;][et_pb_row _builder_version=\u00bb3.21.2&#8243;][et_pb_column type=\u00bb4_4&#8243; _builder_version=\u00bb3.21.2&#8243;][et_pb_button button_text=\u00bbHaz tu reserva!!\u00bb _builder_version=\u00bb3.21.2&#8243; custom_button=\u00bbon\u00bb button_text_size=\u00bb28px\u00bb button_text_color=\u00bb#ffffff\u00bb button_bg_color=\u00bb#e09900&#8243; button_border_color=\u00bb#e09900&#8243; button_font=\u00bb||||||||\u00bb][\/et_pb_button][\/et_pb_column][\/et_pb_row][et_pb_row _builder_version=\u00bb3.21.2&#8243;][et_pb_column type=\u00bb3_5&#8243; _builder_version=\u00bb3.21.2&#8243;][et_pb_contact_form captcha=\u00bboff\u00bb email=\u00bbmasserinya@gmail.com\u00bb custom_message=\u00bbEste mensage viene de tu web www.masserinya.com||et_pb_line_break_holder||||et_pb_line_break_holder||%%Name%%||et_pb_line_break_holder||%%Email%%||et_pb_line_break_holder||%%telefono%%||et_pb_line_break_holder||%%Message%%||et_pb_line_break_holder||%%aceptacion%%||et_pb_line_break_holder||\u00bb success_message=\u00bbgracias por enviarnos el mensaje\u00bb submit_button_text=\u00bbenviar mensaje\u00bb form_background_color=\u00bb#0c71c3&#8243; _builder_version=\u00bb3.21.2&#8243; form_field_font=\u00bb||||||||\u00bb form_field_text_color=\u00bb#ffffff\u00bb form_field_font_size=\u00bb19px\u00bb custom_button=\u00bbon\u00bb button_text_color=\u00bb#0c71c3&#8243; button_font=\u00bb||||||||\u00bb][et_pb_contact_field field_id=\u00bbName\u00bb field_title=\u00bbNombre\u00bb _builder_version=\u00bb3.21.2&#8243; border_radii=\u00bbon||||\u00bb button_text_size__hover_enabled=\u00bboff\u00bb button_one_text_size__hover_enabled=\u00bboff\u00bb button_two_text_size__hover_enabled=\u00bboff\u00bb button_text_color__hover_enabled=\u00bboff\u00bb button_one_text_color__hover_enabled=\u00bboff\u00bb button_two_text_color__hover_enabled=\u00bboff\u00bb button_border_width__hover_enabled=\u00bboff\u00bb button_one_border_width__hover_enabled=\u00bboff\u00bb button_two_border_width__hover_enabled=\u00bboff\u00bb button_border_color__hover_enabled=\u00bboff\u00bb button_one_border_color__hover_enabled=\u00bboff\u00bb button_two_border_color__hover_enabled=\u00bboff\u00bb button_border_radius__hover_enabled=\u00bboff\u00bb button_one_border_radius__hover_enabled=\u00bboff\u00bb button_two_border_radius__hover_enabled=\u00bboff\u00bb button_letter_spacing__hover_enabled=\u00bboff\u00bb button_one_letter_spacing__hover_enabled=\u00bboff\u00bb button_two_letter_spacing__hover_enabled=\u00bboff\u00bb button_bg_color__hover_enabled=\u00bboff\u00bb button_one_bg_color__hover_enabled=\u00bboff\u00bb button_two_bg_color__hover_enabled=\u00bboff\u00bb][\/et_pb_contact_field][et_pb_contact_field field_id=\u00bbEmail\u00bb field_title=\u00bbEmail\u00bb field_type=\u00bbemail\u00bb _builder_version=\u00bb3.21.2&#8243; border_radii=\u00bbon||||\u00bb button_text_size__hover_enabled=\u00bboff\u00bb button_one_text_size__hover_enabled=\u00bboff\u00bb button_two_text_size__hover_enabled=\u00bboff\u00bb button_text_color__hover_enabled=\u00bboff\u00bb button_one_text_color__hover_enabled=\u00bboff\u00bb button_two_text_color__hover_enabled=\u00bboff\u00bb button_border_width__hover_enabled=\u00bboff\u00bb button_one_border_width__hover_enabled=\u00bboff\u00bb button_two_border_width__hover_enabled=\u00bboff\u00bb button_border_color__hover_enabled=\u00bboff\u00bb button_one_border_color__hover_enabled=\u00bboff\u00bb button_two_border_color__hover_enabled=\u00bboff\u00bb button_border_radius__hover_enabled=\u00bboff\u00bb button_one_border_radius__hover_enabled=\u00bboff\u00bb button_two_border_radius__hover_enabled=\u00bboff\u00bb button_letter_spacing__hover_enabled=\u00bboff\u00bb button_one_letter_spacing__hover_enabled=\u00bboff\u00bb button_two_letter_spacing__hover_enabled=\u00bboff\u00bb button_bg_color__hover_enabled=\u00bboff\u00bb button_one_bg_color__hover_enabled=\u00bboff\u00bb button_two_bg_color__hover_enabled=\u00bboff\u00bb][\/et_pb_contact_field][et_pb_contact_field field_id=\u00bbtelefono\u00bb field_title=\u00bbTel\u00e9fono\u00bb fullwidth_field=\u00bbon\u00bb _builder_version=\u00bb3.21.2&#8243;][\/et_pb_contact_field][et_pb_contact_field field_id=\u00bbMessage\u00bb field_title=\u00bbQue necesitas?\u00bb field_type=\u00bbtext\u00bb fullwidth_field=\u00bbon\u00bb _builder_version=\u00bb3.21.2&#8243; border_radii=\u00bbon||||\u00bb button_text_size__hover_enabled=\u00bboff\u00bb button_one_text_size__hover_enabled=\u00bboff\u00bb button_two_text_size__hover_enabled=\u00bboff\u00bb button_text_color__hover_enabled=\u00bboff\u00bb button_one_text_color__hover_enabled=\u00bboff\u00bb button_two_text_color__hover_enabled=\u00bboff\u00bb button_border_width__hover_enabled=\u00bboff\u00bb button_one_border_width__hover_enabled=\u00bboff\u00bb button_two_border_width__hover_enabled=\u00bboff\u00bb button_border_color__hover_enabled=\u00bboff\u00bb button_one_border_color__hover_enabled=\u00bboff\u00bb button_two_border_color__hover_enabled=\u00bboff\u00bb button_border_radius__hover_enabled=\u00bboff\u00bb button_one_border_radius__hover_enabled=\u00bboff\u00bb button_two_border_radius__hover_enabled=\u00bboff\u00bb button_letter_spacing__hover_enabled=\u00bboff\u00bb button_one_letter_spacing__hover_enabled=\u00bboff\u00bb button_two_letter_spacing__hover_enabled=\u00bboff\u00bb button_bg_color__hover_enabled=\u00bboff\u00bb button_one_bg_color__hover_enabled=\u00bboff\u00bb button_two_bg_color__hover_enabled=\u00bboff\u00bb][\/et_pb_contact_field][et_pb_contact_field field_id=\u00bbaceptacion\u00bb field_title=\u00bb \u00bb field_type=\u00bbcheckbox\u00bb checkbox_options=\u00bb%91{%22value%22:%22Enviando este formulario, aceptas las condiciones legales%22,%22checked%22:0,%22dragID%22:-1}%93&#8243; fullwidth_field=\u00bbon\u00bb _builder_version=\u00bb3.21.2&#8243; form_field_font=\u00bb||||||||\u00bb form_field_text_color=\u00bb#e09900&#8243;][\/et_pb_contact_field][\/et_pb_contact_form][et_pb_toggle title=\u00bbCumplimiento de la RGPD\u00bb _builder_version=\u00bb3.21.2&#8243; title_font=\u00bb||||||||\u00bb title_text_color=\u00bb#0c71c3&#8243; title_font_size=\u00bb22px\u00bb body_font=\u00bb||||||||\u00bb body_text_color=\u00bb#0c71c3&#8243;]<\/p>\n<p><em>Para cumplir la neva lei\u00a0 de protecci\u00f3n de datos i que tus datos esten\u00a0 seguras, tienes de leer i acceptar sus<span>\u00a0<\/span><a href=\"\/?page_id=306\">condicions legales<\/a>:<\/em><\/p>\n<p>&nbsp;<\/p>\n<p><strong>.Responsable<\/strong>: Jordi Nicolau.<\/p>\n<p><strong>.Finalidad de los datos<\/strong>: Respondere al mensaje que me env\u00edes a trav\u00e9s del formulario.<\/p>\n<p><strong>.Legimitimaci\u00f3n:<\/strong><span>\u00a0<\/span>tu consentimiento de que quieres comunicarte conmigo.<\/p>\n<p><strong>.Almacenamiento de los datos:<\/strong><\/p>\n<p>Base de datos alojada en Hostinger<\/p>\n<p><strong>.Derechos<\/strong>: En qualquier momento puedes limitar, recuperar y buscar tu infaci\u00f3n.<\/p>\n<p>[\/et_pb_toggle][\/et_pb_column][et_pb_column type=\u00bb2_5&#8243; _builder_version=\u00bb3.21.2&#8243;][et_pb_text _builder_version=\u00bb3.21.2&#8243; text_font=\u00bb||||||||\u00bb text_text_color=\u00bb#e09900&#8243; text_font_size=\u00bb19px\u00bb text_line_height=\u00bb1.8em\u00bb]<\/p>\n<p><strong>Direcci\u00f3n:<\/strong> Mas Seriny\u00e0, Resid\u00e8ncia Casa de Pag\u00e8s, Cam\u00ed des Fornells 16 Les Ferreries. 17459 Campllong, Girona (SPAIN)<\/p>\n<p>&nbsp;<\/p>\n<p><strong>Tel\u00e8fono:<\/strong> +34\u00a0 640 70 99 96 \/<\/p>\n<p>+34 972 46 12 67<\/p>\n<p><strong>Mas informaci\u00f3n:<\/strong> Ven a hacer una estancia en el Mas Seriny\u00e0 donde aprender\u00e1s la cocina macrobi\u00f3tica, haciendo una vida saludable i relajada en un lugar fant\u00e1stioc. Cerca de las principales playas de la Costa Brava y de la ciudad de Girona. Obierto todo el a\u00f1o.<\/p>\n<p>&nbsp;<\/p>\n<p>[\/et_pb_text][\/et_pb_column][\/et_pb_row][\/et_pb_section]<\/p>\n","protected":false},"excerpt":{"rendered":"<p>[et_pb_section fb_built=\u00bb1&#8243; fullwidth=\u00bbon\u00bb _builder_version=\u00bb3.21.2&#8243;][et_pb_fullwidth_header header_fullscreen=\u00bbon\u00bb _builder_version=\u00bb3.21.2&#8243; background_image=\u00bbhttp:\/\/macrobioticamasserinya.com\/wp-content\/uploads\/2019\/05\/fotocontacte.jpg\u00bb][\/et_pb_fullwidth_header][\/et_pb_section][et_pb_section fb_built=\u00bb1&#8243; _builder_version=\u00bb3.21.2&#8243; top_divider_style=\u00bbgraph3&#8243; top_divider_color=\u00bb#e09900&#8243;][et_pb_row custom_margin=\u00bb95px||\u00bb _builder_version=\u00bb3.21.2&#8243;][et_pb_column type=\u00bb1_3&#8243; _builder_version=\u00bb3.21.2&#8243;][et_pb_text _builder_version=\u00bb3.21.2&#8243; border_width_all=\u00bb5px\u00bb border_color_all=\u00bb#0c71c3&#8243; animation_style=\u00bbroll\u00bb] [\/et_pb_text][\/et_pb_column][et_pb_column type=\u00bb1_3&#8243; _builder_version=\u00bb3.21.2&#8243;][et_pb_blurb title=\u00bbTel\u00e9fono +34 640 70 99 96&#8243; use_icon=\u00bbon\u00bb font_icon=\u00bb%%264%%\u00bb icon_color=\u00bb#0a9eb5&#8243; use_icon_font_size=\u00bbon\u00bb icon_font_size=\u00bb112px\u00bb _builder_version=\u00bb3.21.2&#8243; header_font=\u00bb||||||||\u00bb header_text_align=\u00bbcenter\u00bb header_text_color=\u00bb#e09900&#8243; animation_style=\u00bbroll\u00bb][\/et_pb_blurb][\/et_pb_column][et_pb_column type=\u00bb1_3&#8243; _builder_version=\u00bb3.21.2&#8243;][et_pb_blurb title=\u00bbmasserinya@gmail.com\u00bb use_icon=\u00bbon\u00bb font_icon=\u00bb%%238%%\u00bb icon_color=\u00bb#0a9eb5&#8243; use_icon_font_size=\u00bbon\u00bb icon_font_size=\u00bb112px\u00bb _builder_version=\u00bb3.21.2&#8243; header_font=\u00bb||||||||\u00bb header_text_align=\u00bbcenter\u00bb header_text_color=\u00bb#e09900&#8243; animation_style=\u00bbroll\u00bb][\/et_pb_blurb][\/et_pb_column][\/et_pb_row][\/et_pb_section][et_pb_section fb_built=\u00bb1&#8243; _builder_version=\u00bb3.21.2&#8243;][et_pb_row _builder_version=\u00bb3.21.2&#8243;][et_pb_column type=\u00bb4_4&#8243; [&hellip;]<\/p>\n","protected":false},"author":1,"featured_media":0,"parent":0,"menu_order":0,"comment_status":"closed","ping_status":"closed","template":"","meta":{"_et_pb_use_builder":"on","_et_pb_old_content":"","footnotes":""},"class_list":["post-692","page","type-page","status-publish","hentry"],"_links":{"self":[{"href":"https:\/\/macrobioticamasserinya.com\/es\/wp-json\/wp\/v2\/pages\/692\/"}],"collection":[{"href":"https:\/\/macrobioticamasserinya.com\/es\/wp-json\/wp\/v2\/pages\/"}],"about":[{"href":"https:\/\/macrobioticamasserinya.com\/es\/wp-json\/wp\/v2\/types\/page\/"}],"author":[{"embeddable":true,"href":"https:\/\/macrobioticamasserinya.com\/es\/wp-json\/wp\/v2\/users\/1\/"}],"replies":[{"embeddable":true,"href":"https:\/\/macrobioticamasserinya.com\/es\/wp-json\/wp\/v2\/comments\/?post=692"}],"version-history":[{"count":4,"href":"https:\/\/macrobioticamasserinya.com\/es\/wp-json\/wp\/v2\/pages\/692\/revisions\/"}],"predecessor-version":[{"id":860,"href":"https:\/\/macrobioticamasserinya.com\/es\/wp-json\/wp\/v2\/pages\/692\/revisions\/860\/"}],"wp:attachment":[{"href":"https:\/\/macrobioticamasserinya.com\/es\/wp-json\/wp\/v2\/media\/?parent=692"}],"curies":[{"name":"wp","href":"https:\/\/api.w.org\/{rel}","templated":true}]}}