{"id":768,"date":"2019-04-03T17:48:52","date_gmt":"2019-04-03T15:48:52","guid":{"rendered":"http:\/\/macrobioticamasserinya.com\/macrobiotica-mas-serinya\/"},"modified":"2019-06-06T10:21:22","modified_gmt":"2019-06-06T08:21:22","slug":"macrobiotica-mas-serinya","status":"publish","type":"page","link":"https:\/\/macrobioticamasserinya.com\/fr\/","title":{"rendered":"Macrobiotique Mas Seriny\u00e0"},"content":{"rendered":"<p>[et_pb_section fb_built=\u00a0\u00bb1&Prime; fullwidth=\u00a0\u00bbon\u00a0\u00bb _builder_version=\u00a0\u00bb3.21.2&Prime;][et_pb_fullwidth_slider _builder_version=\u00a0\u00bb3.21.2&Prime; header_font=\u00a0\u00bb||||||||\u00a0\u00bb body_font=\u00a0\u00bb||||||||\u00a0\u00bb auto=\u00a0\u00bbon\u00a0\u00bb][et_pb_slide _builder_version=\u00a0\u00bb3.21.2&Prime; background_image=\u00a0\u00bbhttp:\/\/macrobioticamasserinya.com\/wp-content\/uploads\/2019\/05\/acuarela2.gif\u00a0\u00bb][\/et_pb_slide][et_pb_slide heading=\u00a0\u00bbCuisine macrobiotique &#8211; Eau de bou\u00e9e de sauvetage\u00a0\u00bb use_text_overlay=\u00a0\u00bbon\u00a0\u00bb text_overlay_color=\u00a0\u00bbrgba(224,153,0,0.67)\u00a0\u00bb _builder_version=\u00a0\u00bb3.21.2&Prime; header_font=\u00a0\u00bb||||||||\u00a0\u00bb header_font_size=\u00a0\u00bb33px\u00a0\u00bb header_font_size_phone=\u00a0\u00bb35px\u00a0\u00bb header_font_size_last_edited=\u00a0\u00bbon|phone\u00a0\u00bb body_font=\u00a0\u00bb||||||||\u00a0\u00bb body_font_size=\u00a0\u00bb24px\u00a0\u00bb body_font_size_phone=\u00a0\u00bb19px\u00a0\u00bb body_font_size_last_edited=\u00a0\u00bbon|desktop\u00a0\u00bb background_image=\u00a0\u00bbhttp:\/\/macrobioticamasserinya.com\/wp-content\/uploads\/2019\/05\/fotocasaprincipal.gif\u00a0\u00bb][\/et_pb_slide][et_pb_slide heading=\u00a0\u00bbCosta Brava &#8211; Sa Conca \u00e0 20 km du Mas Seriny\u00e0\u00a0\u00bb use_text_overlay=\u00a0\u00bboff\u00a0\u00bb _builder_version=\u00a0\u00bb3.21.2&Prime; header_font=\u00a0\u00bb||||||||\u00a0\u00bb header_font_size=\u00a0\u00bb34px\u00a0\u00bb header_font_size_phone=\u00a0\u00bb30px\u00a0\u00bb header_font_size_last_edited=\u00a0\u00bbon|phone\u00a0\u00bb body_font=\u00a0\u00bb||||||||\u00a0\u00bb body_font_size=\u00a0\u00bb21px\u00a0\u00bb background_image=\u00a0\u00bbhttp:\/\/macrobioticamasserinya.com\/wp-content\/uploads\/2019\/05\/saconcaprincipal.gif\u00a0\u00bb][\/et_pb_slide][et_pb_slide heading=\u00a0\u00bbPiscine d&rsquo;eau sal\u00e9e et vitalis\u00e9e\u00a0\u00bb use_text_overlay=\u00a0\u00bboff\u00a0\u00bb _builder_version=\u00a0\u00bb3.21.2&Prime; header_font=\u00a0\u00bb||||||||\u00a0\u00bb header_font_size=\u00a0\u00bb33px\u00a0\u00bb background_image=\u00a0\u00bbhttp:\/\/macrobioticamasserinya.com\/wp-content\/uploads\/2019\/05\/piscinaprincipal.gif\u00a0\u00bb][\/et_pb_slide][et_pb_slide heading=\u00a0\u00bbCuisine macrobiotique, saine et simple, \u00e0 base de produits bio\u00a0\u00bb _builder_version=\u00a0\u00bb3.21.2&Prime; header_font=\u00a0\u00bb||||||||\u00a0\u00bb header_font_size=\u00a0\u00bb33px\u00a0\u00bb background_image=\u00a0\u00bbhttp:\/\/macrobioticamasserinya.com\/wp-content\/uploads\/2019\/05\/platprincipalmas-serinya.gif\u00a0\u00bb][\/et_pb_slide][\/et_pb_fullwidth_slider][\/et_pb_section][et_pb_section fb_built=\u00a0\u00bb1&Prime; _builder_version=\u00a0\u00bb3.21.2&Prime; custom_padding=\u00a0\u00bb54px|9px|54px|0px|false|false\u00a0\u00bb][et_pb_row _builder_version=\u00a0\u00bb3.21.2&Prime;][et_pb_column type=\u00a0\u00bb1_2&Prime; _builder_version=\u00a0\u00bb3.21.2&Prime;][et_pb_text _builder_version=\u00a0\u00bb3.21.2&Prime; text_font=\u00a0\u00bb||||||||\u00a0\u00bb text_text_color=\u00a0\u00bb#bc6a00&Prime; text_font_size=\u00a0\u00bb20px\u00a0\u00bb]<\/p>\n<p>Eau de source vitalis\u00e9e<\/p>\n<p>Piscine d&rsquo;eau sal\u00e9e<\/p>\n<p>\u00e0 10 km de G\u00e9rone et \u00e0 20 km de la mer. Cuisine macrobiotique.<\/p>\n<p>L&rsquo;atmosph\u00e8re est famili\u00e8re et adaptable \u00e0 tous.<\/p>\n<p>Cours de cuisine.<\/p>\n<p>Excursions en montagne, la mer, \u00e0 G\u00e9rone &#8230;<\/p>\n<p>Mouvement spontan\u00e9,Yuki, Katsugen.<\/p>\n<p>Chambres simples, doubles et familiales<\/p>\n<p>Ouvert toute l&rsquo;ann\u00e9e<\/p>\n<p>&nbsp;<\/p>\n<p>tel. 972 46 12 67 &#8211; 640 70 99 96<\/p>\n<p><a href=\"http:\/\/www.macrobioticamasserinya,com\">www.macrobioticamasserinya.com<\/a><\/p>\n<p>masserinya@gmail.com<\/p>\n<p>[\/et_pb_text][\/et_pb_column][et_pb_column type=\u00a0\u00bb1_2&Prime; _builder_version=\u00a0\u00bb3.21.2&Prime;][\/et_pb_column][\/et_pb_row][et_pb_row _builder_version=\u00a0\u00bb3.21.2&Prime;][et_pb_column type=\u00a0\u00bb4_4&Prime; _builder_version=\u00a0\u00bb3.21.2&Prime;][et_pb_gallery gallery_ids=\u00a0\u00bb369,370,372,373,401,403,404,334,394,393,392,446&Prime; posts_number=\u00a0\u00bb12&Prime; show_title_and_caption=\u00a0\u00bboff\u00a0\u00bb _builder_version=\u00a0\u00bb3.21.2&Prime;][\/et_pb_gallery][\/et_pb_column][\/et_pb_row][\/et_pb_section][et_pb_section fb_built=\u00a0\u00bb1&Prime; fullwidth=\u00a0\u00bbon\u00a0\u00bb _builder_version=\u00a0\u00bb3.21.2&Prime;][et_pb_fullwidth_slider _builder_version=\u00a0\u00bb3.21.2&Prime; custom_margin=\u00a0\u00bb0px||\u00a0\u00bb custom_padding=\u00a0\u00bb154px||236px\u00a0\u00bb auto=\u00a0\u00bbon\u00a0\u00bb auto_ignore_hover=\u00a0\u00bbon\u00a0\u00bb][et_pb_slide _builder_version=\u00a0\u00bb3.21.2&Prime; background_image=\u00a0\u00bbhttp:\/\/macrobioticamasserinya.com\/wp-content\/uploads\/2019\/04\/mejarmacrobiotica55.gif\u00a0\u00bb parallax=\u00a0\u00bbon\u00a0\u00bb][\/et_pb_slide][et_pb_slide heading=\u00a0\u00bbMacrobiotic Cuisine &#8211; Alimentation en eau vitalis\u00e9ea\u00a0\u00bb _builder_version=\u00a0\u00bb3.21.2&Prime; background_image=\u00a0\u00bbhttp:\/\/macrobioticamasserinya.com\/wp-content\/uploads\/2019\/04\/inicimacroioticagent.gif\u00a0\u00bb parallax=\u00a0\u00bbon\u00a0\u00bb][\/et_pb_slide][et_pb_slide _builder_version=\u00a0\u00bb3.21.2&Prime; background_image=\u00a0\u00bbhttp:\/\/macrobioticamasserinya.com\/wp-content\/uploads\/2019\/04\/piscinamasserinya.gif\u00a0\u00bb parallax=\u00a0\u00bbon\u00a0\u00bb][\/et_pb_slide][\/et_pb_fullwidth_slider][\/et_pb_section][et_pb_section fb_built=\u00a0\u00bb1&Prime; fullwidth=\u00a0\u00bbon\u00a0\u00bb _builder_version=\u00a0\u00bb3.21.2&Prime;][et_pb_fullwidth_slider _builder_version=\u00a0\u00bb3.21.2&Prime; header_font=\u00a0\u00bb||||||||\u00a0\u00bb link_option_url=\u00a0\u00bbhttp:\/\/macrobioticamasserinya.com\/fr\/activites\/\u00a0\u00bb][et_pb_slide heading=\u00a0\u00bbVoulez-vous passer quelques jours avec nous?\u00a0\u00bb button_text=\u00a0\u00bbvous veulez voir nos activit\u00e9s\u00a0\u00bb button_link=\u00a0\u00bbhttp:\/\/macrobioticamasserinya.com\/activitats\/\u00a0\u00bb _builder_version=\u00a0\u00bb3.21.2&Prime; header_font=\u00a0\u00bb||||||||\u00a0\u00bb header_font_size=\u00a0\u00bb47px\u00a0\u00bb header_font_size_tablet=\u00a0\u00bb33px\u00a0\u00bb header_font_size_phone=\u00a0\u00bb30px\u00a0\u00bb header_font_size_last_edited=\u00a0\u00bbon|tablet\u00a0\u00bb background_color=\u00a0\u00bb#e09900&Prime; custom_button=\u00a0\u00bbon\u00a0\u00bb button_text_size=\u00a0\u00bb32px\u00a0\u00bb button_font=\u00a0\u00bb||||||||\u00a0\u00bb button_text_size_tablet=\u00a0\u00bb23px\u00a0\u00bb button_text_size_phone=\u00a0\u00bb20px\u00a0\u00bb button_text_size_last_edited=\u00a0\u00bbon|tablet\u00a0\u00bb][\/et_pb_slide][\/et_pb_fullwidth_slider][\/et_pb_section]<\/p>\n","protected":false},"excerpt":{"rendered":"<p>[et_pb_section fb_built=\u00a0\u00bb1&Prime; fullwidth=\u00a0\u00bbon\u00a0\u00bb _builder_version=\u00a0\u00bb3.21.2&Prime;][et_pb_fullwidth_slider _builder_version=\u00a0\u00bb3.21.2&Prime; header_font=\u00a0\u00bb||||||||\u00a0\u00bb body_font=\u00a0\u00bb||||||||\u00a0\u00bb auto=\u00a0\u00bbon\u00a0\u00bb][et_pb_slide _builder_version=\u00a0\u00bb3.21.2&Prime; background_image=\u00a0\u00bbhttp:\/\/macrobioticamasserinya.com\/wp-content\/uploads\/2019\/05\/acuarela2.gif\u00a0\u00bb][\/et_pb_slide][et_pb_slide heading=\u00a0\u00bbCuisine macrobiotique &#8211; Eau de bou\u00e9e de sauvetage\u00a0\u00bb use_text_overlay=\u00a0\u00bbon\u00a0\u00bb text_overlay_color=\u00a0\u00bbrgba(224,153,0,0.67)\u00a0\u00bb _builder_version=\u00a0\u00bb3.21.2&Prime; header_font=\u00a0\u00bb||||||||\u00a0\u00bb header_font_size=\u00a0\u00bb33px\u00a0\u00bb header_font_size_phone=\u00a0\u00bb35px\u00a0\u00bb header_font_size_last_edited=\u00a0\u00bbon|phone\u00a0\u00bb body_font=\u00a0\u00bb||||||||\u00a0\u00bb body_font_size=\u00a0\u00bb24px\u00a0\u00bb body_font_size_phone=\u00a0\u00bb19px\u00a0\u00bb body_font_size_last_edited=\u00a0\u00bbon|desktop\u00a0\u00bb background_image=\u00a0\u00bbhttp:\/\/macrobioticamasserinya.com\/wp-content\/uploads\/2019\/05\/fotocasaprincipal.gif\u00a0\u00bb][\/et_pb_slide][et_pb_slide heading=\u00a0\u00bbCosta Brava &#8211; Sa Conca \u00e0 20 km du Mas Seriny\u00e0\u00a0\u00bb use_text_overlay=\u00a0\u00bboff\u00a0\u00bb _builder_version=\u00a0\u00bb3.21.2&Prime; header_font=\u00a0\u00bb||||||||\u00a0\u00bb header_font_size=\u00a0\u00bb34px\u00a0\u00bb header_font_size_phone=\u00a0\u00bb30px\u00a0\u00bb header_font_size_last_edited=\u00a0\u00bbon|phone\u00a0\u00bb body_font=\u00a0\u00bb||||||||\u00a0\u00bb body_font_size=\u00a0\u00bb21px\u00a0\u00bb background_image=\u00a0\u00bbhttp:\/\/macrobioticamasserinya.com\/wp-content\/uploads\/2019\/05\/saconcaprincipal.gif\u00a0\u00bb][\/et_pb_slide][et_pb_slide heading=\u00a0\u00bbPiscine d&rsquo;eau sal\u00e9e et vitalis\u00e9e\u00a0\u00bb [&hellip;]<\/p>\n","protected":false},"author":1,"featured_media":0,"parent":0,"menu_order":0,"comment_status":"closed","ping_status":"closed","template":"","meta":{"_et_pb_use_builder":"on","_et_pb_old_content":"","footnotes":""},"class_list":["post-768","page","type-page","status-publish","hentry"],"_links":{"self":[{"href":"https:\/\/macrobioticamasserinya.com\/fr\/wp-json\/wp\/v2\/pages\/768\/"}],"collection":[{"href":"https:\/\/macrobioticamasserinya.com\/fr\/wp-json\/wp\/v2\/pages\/"}],"about":[{"href":"https:\/\/macrobioticamasserinya.com\/fr\/wp-json\/wp\/v2\/types\/page\/"}],"author":[{"embeddable":true,"href":"https:\/\/macrobioticamasserinya.com\/fr\/wp-json\/wp\/v2\/users\/1\/"}],"replies":[{"embeddable":true,"href":"https:\/\/macrobioticamasserinya.com\/fr\/wp-json\/wp\/v2\/comments\/?post=768"}],"version-history":[{"count":3,"href":"https:\/\/macrobioticamasserinya.com\/fr\/wp-json\/wp\/v2\/pages\/768\/revisions\/"}],"predecessor-version":[{"id":838,"href":"https:\/\/macrobioticamasserinya.com\/fr\/wp-json\/wp\/v2\/pages\/768\/revisions\/838\/"}],"wp:attachment":[{"href":"https:\/\/macrobioticamasserinya.com\/fr\/wp-json\/wp\/v2\/media\/?parent=768"}],"curies":[{"name":"wp","href":"https:\/\/api.w.org\/{rel}","templated":true}]}}