{"id":773,"date":"2019-04-24T22:55:40","date_gmt":"2019-04-24T20:55:40","guid":{"rendered":"http:\/\/macrobioticamasserinya.com\/activitats\/"},"modified":"2019-06-05T21:07:43","modified_gmt":"2019-06-05T19:07:43","slug":"activites","status":"publish","type":"page","link":"https:\/\/macrobioticamasserinya.com\/fr\/activites\/","title":{"rendered":"Activit\u00e9s"},"content":{"rendered":"<p>[et_pb_section fb_built=\u00a0\u00bb1&Prime; fullwidth=\u00a0\u00bbon\u00a0\u00bb _builder_version=\u00a0\u00bb3.21.2&Prime;][et_pb_fullwidth_header title=\u00a0\u00bbActivitats\u00a0\u00bb header_fullscreen=\u00a0\u00bbon\u00a0\u00bb header_scroll_down=\u00a0\u00bbon\u00a0\u00bb scroll_down_icon_color=\u00a0\u00bb#ffffff\u00a0\u00bb background_overlay_color=\u00a0\u00bbrgba(0,0,0,0)\u00a0\u00bb _builder_version=\u00a0\u00bb3.21.2&Prime; title_font=\u00a0\u00bb||||||||\u00a0\u00bb title_text_color=\u00a0\u00bb#0c71c3&Prime; title_font_size=\u00a0\u00bb56px\u00a0\u00bb title_font_size_last_edited=\u00a0\u00bbon|desktop\u00a0\u00bb content_font=\u00a0\u00bb||||||||\u00a0\u00bb content_text_color=\u00a0\u00bb#000000&Prime; content_font_size=\u00a0\u00bb32px\u00a0\u00bb content_line_height=\u00a0\u00bb1.2em\u00a0\u00bb background_image=\u00a0\u00bbhttp:\/\/macrobioticamasserinya.com\/wp-content\/uploads\/2019\/04\/fotocuina-1.gif\u00a0\u00bb parallax=\u00a0\u00bbon\u00a0\u00bb]<\/p>\n<p><strong>Macrobiotique<\/strong><\/p>\n<p><strong>Seitai<\/strong><\/p>\n<p><strong>Aikido<\/strong><\/p>\n<p>&nbsp;<\/p>\n<p>[\/et_pb_fullwidth_header][\/et_pb_section][et_pb_section fb_built=\u00a0\u00bb1&Prime; _builder_version=\u00a0\u00bb3.21.2&Prime;][et_pb_row _builder_version=\u00a0\u00bb3.21.2&Prime;][et_pb_column type=\u00a0\u00bb4_4&Prime; _builder_version=\u00a0\u00bb3.21.2&Prime;][et_pb_button button_text=\u00a0\u00bb Macrobiotique\u00a0\u00bb _builder_version=\u00a0\u00bb3.21.2&Prime; custom_button=\u00a0\u00bbon\u00a0\u00bb button_text_size=\u00a0\u00bb31px\u00a0\u00bb button_text_color=\u00a0\u00bb#ffffff\u00a0\u00bb button_bg_color=\u00a0\u00bb#e09900&Prime; button_font=\u00a0\u00bb||||||||\u00a0\u00bb][\/et_pb_button][\/et_pb_column][\/et_pb_row][et_pb_row _builder_version=\u00a0\u00bb3.21.2&Prime;][et_pb_column type=\u00a0\u00bb4_4&Prime; _builder_version=\u00a0\u00bb3.21.2&Prime;][et_pb_text _builder_version=\u00a0\u00bb3.21.2&Prime; text_font=\u00a0\u00bb||||||||\u00a0\u00bb text_text_color=\u00a0\u00bb#0c71c3&Prime; text_font_size=\u00a0\u00bb24px\u00a0\u00bb text_line_height=\u00a0\u00bb1.8em\u00a0\u00bb]<\/p>\n<p>Vous pouvez apprendre \u00e0 pr\u00e9parer des plats macrobiotiques avec les deux cours de cuisine quotidiens. Le matin \u00e0 11 heures du soir \u00e0 18h00<\/p>\n<p>[\/et_pb_text][\/et_pb_column][\/et_pb_row][et_pb_row _builder_version=\u00a0\u00bb3.21.2&Prime;][et_pb_column type=\u00a0\u00bb4_4&Prime; _builder_version=\u00a0\u00bb3.21.2&Prime;][et_pb_image src=\u00a0\u00bbhttp:\/\/macrobioticamasserinya.com\/wp-content\/uploads\/2019\/05\/sopaactivitats.gif\u00a0\u00bb _builder_version=\u00a0\u00bb3.21.2&Prime;][\/et_pb_image][\/et_pb_column][\/et_pb_row][et_pb_row _builder_version=\u00a0\u00bb3.21.2&Prime;][et_pb_column type=\u00a0\u00bb4_4&Prime; _builder_version=\u00a0\u00bb3.21.2&Prime;][et_pb_gallery gallery_ids=\u00a0\u00bb507,508,509,510,511,512,513,514&Prime; posts_number=\u00a0\u00bb8&Prime; show_title_and_caption=\u00a0\u00bboff\u00a0\u00bb _builder_version=\u00a0\u00bb3.21.2&Prime;][\/et_pb_gallery][\/et_pb_column][\/et_pb_row][et_pb_row _builder_version=\u00a0\u00bb3.21.2&Prime;][et_pb_column type=\u00a0\u00bb4_4&Prime; _builder_version=\u00a0\u00bb3.21.2&Prime;][et_pb_button button_text=\u00a0\u00bbSeitai\u00a0\u00bb _builder_version=\u00a0\u00bb3.21.2&Prime; custom_button=\u00a0\u00bbon\u00a0\u00bb button_text_size=\u00a0\u00bb31px\u00a0\u00bb button_text_color=\u00a0\u00bb#ffffff\u00a0\u00bb button_bg_color=\u00a0\u00bb#e09900&Prime; button_font=\u00a0\u00bb||||||||\u00a0\u00bb][\/et_pb_button][\/et_pb_column][\/et_pb_row][et_pb_row _builder_version=\u00a0\u00bb3.21.2&Prime;][et_pb_column type=\u00a0\u00bb4_4&Prime; _builder_version=\u00a0\u00bb3.21.2&Prime;][et_pb_text _builder_version=\u00a0\u00bb3.21.2&Prime; text_font=\u00a0\u00bb||||||||\u00a0\u00bb text_text_color=\u00a0\u00bb#0c71c3&Prime; text_font_size=\u00a0\u00bb24px\u00a0\u00bb text_line_height=\u00a0\u00bb1.8em\u00a0\u00bb]<\/p>\n<p>Pratique tous les jours de:<\/p>\n<p>&nbsp;<\/p>\n<p>&#8211; Mouvement spontan\u00e9<\/p>\n<p>&#8211; Katsugen Undo<\/p>\n<p>&#8211; Yuki<\/p>\n<p>&#8211; Gyoki<\/p>\n<p>[\/et_pb_text][\/et_pb_column][\/et_pb_row][et_pb_row _builder_version=\u00a0\u00bb3.21.2&Prime;][et_pb_column type=\u00a0\u00bb4_4&Prime; _builder_version=\u00a0\u00bb3.21.2&Prime;][et_pb_image src=\u00a0\u00bbhttp:\/\/macrobioticamasserinya.com\/wp-content\/uploads\/2019\/05\/logoKaxuguen1200x600.jpg\u00a0\u00bb _builder_version=\u00a0\u00bb3.21.2&Prime;][\/et_pb_image][\/et_pb_column][\/et_pb_row][et_pb_row _builder_version=\u00a0\u00bb3.21.2&Prime;][et_pb_column type=\u00a0\u00bb4_4&Prime; _builder_version=\u00a0\u00bb3.21.2&Prime;][et_pb_gallery gallery_ids=\u00a0\u00bb462,463,464,465,488,460,484,485&Prime; posts_number=\u00a0\u00bb8&Prime; show_title_and_caption=\u00a0\u00bboff\u00a0\u00bb _builder_version=\u00a0\u00bb3.21.2&Prime;][\/et_pb_gallery][\/et_pb_column][\/et_pb_row][et_pb_row _builder_version=\u00a0\u00bb3.21.2&Prime;][et_pb_column type=\u00a0\u00bb4_4&Prime; _builder_version=\u00a0\u00bb3.21.2&Prime;][et_pb_button button_text=\u00a0\u00bbAikido\u00a0\u00bb _builder_version=\u00a0\u00bb3.21.2&Prime; custom_button=\u00a0\u00bbon\u00a0\u00bb button_text_size=\u00a0\u00bb31px\u00a0\u00bb button_text_color=\u00a0\u00bb#ffffff\u00a0\u00bb button_bg_color=\u00a0\u00bb#e09900&Prime; button_font=\u00a0\u00bb||||||||\u00a0\u00bb][\/et_pb_button][\/et_pb_column][\/et_pb_row][et_pb_row _builder_version=\u00a0\u00bb3.21.2&Prime;][et_pb_column type=\u00a0\u00bb4_4&Prime; _builder_version=\u00a0\u00bb3.21.2&Prime;][et_pb_image src=\u00a0\u00bbhttp:\/\/macrobioticamasserinya.com\/wp-content\/uploads\/2019\/05\/aikido1_1200x600.jpg\u00a0\u00bb _builder_version=\u00a0\u00bb3.21.2&Prime;][\/et_pb_image][\/et_pb_column][\/et_pb_row][et_pb_row _builder_version=\u00a0\u00bb3.21.2&Prime;][et_pb_column type=\u00a0\u00bb4_4&Prime; _builder_version=\u00a0\u00bb3.21.2&Prime;][et_pb_gallery gallery_ids=\u00a0\u00bb517,518,519,520,521,522,523,524&Prime; posts_number=\u00a0\u00bb8&Prime; show_title_and_caption=\u00a0\u00bboff\u00a0\u00bb show_pagination=\u00a0\u00bboff\u00a0\u00bb _builder_version=\u00a0\u00bb3.21.2&Prime;][\/et_pb_gallery][\/et_pb_column][\/et_pb_row][\/et_pb_section]<\/p>\n","protected":false},"excerpt":{"rendered":"<p>[et_pb_section fb_built=\u00a0\u00bb1&Prime; fullwidth=\u00a0\u00bbon\u00a0\u00bb _builder_version=\u00a0\u00bb3.21.2&Prime;][et_pb_fullwidth_header title=\u00a0\u00bbActivitats\u00a0\u00bb header_fullscreen=\u00a0\u00bbon\u00a0\u00bb header_scroll_down=\u00a0\u00bbon\u00a0\u00bb scroll_down_icon_color=\u00a0\u00bb#ffffff\u00a0\u00bb background_overlay_color=\u00a0\u00bbrgba(0,0,0,0)\u00a0\u00bb _builder_version=\u00a0\u00bb3.21.2&Prime; title_font=\u00a0\u00bb||||||||\u00a0\u00bb title_text_color=\u00a0\u00bb#0c71c3&Prime; title_font_size=\u00a0\u00bb56px\u00a0\u00bb title_font_size_last_edited=\u00a0\u00bbon|desktop\u00a0\u00bb content_font=\u00a0\u00bb||||||||\u00a0\u00bb content_text_color=\u00a0\u00bb#000000&Prime; content_font_size=\u00a0\u00bb32px\u00a0\u00bb content_line_height=\u00a0\u00bb1.2em\u00a0\u00bb background_image=\u00a0\u00bbhttp:\/\/macrobioticamasserinya.com\/wp-content\/uploads\/2019\/04\/fotocuina-1.gif\u00a0\u00bb parallax=\u00a0\u00bbon\u00a0\u00bb] Macrobiotique Seitai Aikido &nbsp; [\/et_pb_fullwidth_header][\/et_pb_section][et_pb_section fb_built=\u00a0\u00bb1&Prime; _builder_version=\u00a0\u00bb3.21.2&Prime;][et_pb_row _builder_version=\u00a0\u00bb3.21.2&Prime;][et_pb_column type=\u00a0\u00bb4_4&Prime; _builder_version=\u00a0\u00bb3.21.2&Prime;][et_pb_button button_text=\u00a0\u00bb Macrobiotique\u00a0\u00bb _builder_version=\u00a0\u00bb3.21.2&Prime; custom_button=\u00a0\u00bbon\u00a0\u00bb button_text_size=\u00a0\u00bb31px\u00a0\u00bb button_text_color=\u00a0\u00bb#ffffff\u00a0\u00bb button_bg_color=\u00a0\u00bb#e09900&Prime; button_font=\u00a0\u00bb||||||||\u00a0\u00bb][\/et_pb_button][\/et_pb_column][\/et_pb_row][et_pb_row _builder_version=\u00a0\u00bb3.21.2&Prime;][et_pb_column type=\u00a0\u00bb4_4&Prime; _builder_version=\u00a0\u00bb3.21.2&Prime;][et_pb_text _builder_version=\u00a0\u00bb3.21.2&Prime; text_font=\u00a0\u00bb||||||||\u00a0\u00bb text_text_color=\u00a0\u00bb#0c71c3&Prime; text_font_size=\u00a0\u00bb24px\u00a0\u00bb text_line_height=\u00a0\u00bb1.8em\u00a0\u00bb] Vous pouvez apprendre \u00e0 pr\u00e9parer des plats macrobiotiques avec [&hellip;]<\/p>\n","protected":false},"author":1,"featured_media":0,"parent":0,"menu_order":0,"comment_status":"closed","ping_status":"closed","template":"","meta":{"_et_pb_use_builder":"on","_et_pb_old_content":"","footnotes":""},"class_list":["post-773","page","type-page","status-publish","hentry"],"_links":{"self":[{"href":"https:\/\/macrobioticamasserinya.com\/fr\/wp-json\/wp\/v2\/pages\/773\/"}],"collection":[{"href":"https:\/\/macrobioticamasserinya.com\/fr\/wp-json\/wp\/v2\/pages\/"}],"about":[{"href":"https:\/\/macrobioticamasserinya.com\/fr\/wp-json\/wp\/v2\/types\/page\/"}],"author":[{"embeddable":true,"href":"https:\/\/macrobioticamasserinya.com\/fr\/wp-json\/wp\/v2\/users\/1\/"}],"replies":[{"embeddable":true,"href":"https:\/\/macrobioticamasserinya.com\/fr\/wp-json\/wp\/v2\/comments\/?post=773"}],"version-history":[{"count":3,"href":"https:\/\/macrobioticamasserinya.com\/fr\/wp-json\/wp\/v2\/pages\/773\/revisions\/"}],"predecessor-version":[{"id":777,"href":"https:\/\/macrobioticamasserinya.com\/fr\/wp-json\/wp\/v2\/pages\/773\/revisions\/777\/"}],"wp:attachment":[{"href":"https:\/\/macrobioticamasserinya.com\/fr\/wp-json\/wp\/v2\/media\/?parent=773"}],"curies":[{"name":"wp","href":"https:\/\/api.w.org\/{rel}","templated":true}]}}