{"id":803,"date":"2019-04-29T00:03:56","date_gmt":"2019-04-28T22:03:56","guid":{"rendered":"http:\/\/macrobioticamasserinya.com\/contacte\/"},"modified":"2019-06-05T21:59:51","modified_gmt":"2019-06-05T19:59:51","slug":"contact","status":"publish","type":"page","link":"https:\/\/macrobioticamasserinya.com\/fr\/contact\/","title":{"rendered":"Contact"},"content":{"rendered":"<p>[et_pb_section fb_built=\u00a0\u00bb1&Prime; fullwidth=\u00a0\u00bbon\u00a0\u00bb _builder_version=\u00a0\u00bb3.21.2&Prime;][et_pb_fullwidth_header header_fullscreen=\u00a0\u00bbon\u00a0\u00bb _builder_version=\u00a0\u00bb3.21.2&Prime; background_image=\u00a0\u00bbhttp:\/\/macrobioticamasserinya.com\/wp-content\/uploads\/2019\/05\/fotocontacte.jpg\u00a0\u00bb][\/et_pb_fullwidth_header][\/et_pb_section][et_pb_section fb_built=\u00a0\u00bb1&Prime; _builder_version=\u00a0\u00bb3.21.2&Prime; top_divider_style=\u00a0\u00bbgraph3&Prime; top_divider_color=\u00a0\u00bb#e09900&Prime;][et_pb_row custom_margin=\u00a0\u00bb95px||\u00a0\u00bb _builder_version=\u00a0\u00bb3.21.2&Prime;][et_pb_column type=\u00a0\u00bb1_3&Prime; _builder_version=\u00a0\u00bb3.21.2&Prime;][et_pb_text _builder_version=\u00a0\u00bb3.21.2&Prime; border_width_all=\u00a0\u00bb5px\u00a0\u00bb border_color_all=\u00a0\u00bb#0c71c3&Prime; animation_style=\u00a0\u00bbroll\u00a0\u00bb]<\/p>\n<p><iframe loading=\"lazy\" style=\"border: 0;\" src=\"https:\/\/www.google.com\/maps\/embed?pb=!1m18!1m12!1m3!1d11878.89037717244!2d2.818037263772287!3d41.898822665894095!2m3!1f0!2f0!3f0!3m2!1i1024!2i768!4f13.1!3m3!1m2!1s0x0%3A0x2f2e1e9973da5bc1!2sMacrobiotica+Mas+Serinya!5e0!3m2!1ses!2ses!4v1556488376320!5m2!1ses!2ses\" width=\"400\" height=\"300\" frameborder=\"0\" allowfullscreen=\"allowfullscreen\"><\/iframe><\/p>\n<p>[\/et_pb_text][\/et_pb_column][et_pb_column type=\u00a0\u00bb1_3&Prime; _builder_version=\u00a0\u00bb3.21.2&Prime;][et_pb_blurb title=\u00a0\u00bbt\u00e9l\u00e9phone +34 640 70 99 96&Prime; use_icon=\u00a0\u00bbon\u00a0\u00bb font_icon=\u00a0\u00bb%%264%%\u00a0\u00bb icon_color=\u00a0\u00bb#0a9eb5&Prime; use_icon_font_size=\u00a0\u00bbon\u00a0\u00bb icon_font_size=\u00a0\u00bb112px\u00a0\u00bb _builder_version=\u00a0\u00bb3.21.2&Prime; header_font=\u00a0\u00bb||||||||\u00a0\u00bb header_text_align=\u00a0\u00bbcenter\u00a0\u00bb header_text_color=\u00a0\u00bb#e09900&Prime; animation_style=\u00a0\u00bbroll\u00a0\u00bb][\/et_pb_blurb][\/et_pb_column][et_pb_column type=\u00a0\u00bb1_3&Prime; _builder_version=\u00a0\u00bb3.21.2&Prime;][et_pb_blurb title=\u00a0\u00bbmasserinya@gmail.com\u00a0\u00bb use_icon=\u00a0\u00bbon\u00a0\u00bb font_icon=\u00a0\u00bb%%238%%\u00a0\u00bb icon_color=\u00a0\u00bb#0a9eb5&Prime; use_icon_font_size=\u00a0\u00bbon\u00a0\u00bb icon_font_size=\u00a0\u00bb112px\u00a0\u00bb _builder_version=\u00a0\u00bb3.21.2&Prime; header_font=\u00a0\u00bb||||||||\u00a0\u00bb header_text_align=\u00a0\u00bbcenter\u00a0\u00bb header_text_color=\u00a0\u00bb#e09900&Prime; animation_style=\u00a0\u00bbroll\u00a0\u00bb][\/et_pb_blurb][\/et_pb_column][\/et_pb_row][\/et_pb_section][et_pb_section fb_built=\u00a0\u00bb1&Prime; _builder_version=\u00a0\u00bb3.21.2&Prime;][et_pb_row _builder_version=\u00a0\u00bb3.21.2&Prime;][et_pb_column type=\u00a0\u00bb4_4&Prime; _builder_version=\u00a0\u00bb3.21.2&Prime;][et_pb_button button_text=\u00a0\u00bbFaites votre r\u00e9servation !!\u00a0\u00bb _builder_version=\u00a0\u00bb3.21.2&Prime; custom_button=\u00a0\u00bbon\u00a0\u00bb button_text_size=\u00a0\u00bb28px\u00a0\u00bb button_text_color=\u00a0\u00bb#ffffff\u00a0\u00bb button_bg_color=\u00a0\u00bb#e09900&Prime; button_border_color=\u00a0\u00bb#e09900&Prime; button_font=\u00a0\u00bb||||||||\u00a0\u00bb][\/et_pb_button][\/et_pb_column][\/et_pb_row][et_pb_row _builder_version=\u00a0\u00bb3.21.2&Prime;][et_pb_column type=\u00a0\u00bb3_5&Prime; _builder_version=\u00a0\u00bb3.21.2&Prime;][et_pb_contact_form captcha=\u00a0\u00bboff\u00a0\u00bb email=\u00a0\u00bbmasserinya@gmail.com\u00a0\u00bb custom_message=\u00a0\u00bbEste mensage viene de tu web www.masserinya.com||et_pb_line_break_holder||||et_pb_line_break_holder||%%Name%%||et_pb_line_break_holder||%%Email%%||et_pb_line_break_holder||%%telefono%%||et_pb_line_break_holder||%%Message%%||et_pb_line_break_holder||%%aceptacion%%||et_pb_line_break_holder||\u00a0\u00bb success_message=\u00a0\u00bbmerci de nous envoyer le message !!\u00a0\u00bb submit_button_text=\u00a0\u00bb envoyer un message\u00a0\u00bb form_background_color=\u00a0\u00bb#0c71c3&Prime; _builder_version=\u00a0\u00bb3.21.2&Prime; form_field_font=\u00a0\u00bb||||||||\u00a0\u00bb form_field_text_color=\u00a0\u00bb#ffffff\u00a0\u00bb form_field_font_size=\u00a0\u00bb19px\u00a0\u00bb custom_button=\u00a0\u00bbon\u00a0\u00bb button_text_color=\u00a0\u00bb#0c71c3&Prime; button_font=\u00a0\u00bb||||||||\u00a0\u00bb][et_pb_contact_field field_id=\u00a0\u00bbName\u00a0\u00bb field_title=\u00a0\u00bbNom\u00a0\u00bb _builder_version=\u00a0\u00bb3.21.2&Prime; border_radii=\u00a0\u00bbon||||\u00a0\u00bb button_text_size__hover_enabled=\u00a0\u00bboff\u00a0\u00bb button_one_text_size__hover_enabled=\u00a0\u00bboff\u00a0\u00bb button_two_text_size__hover_enabled=\u00a0\u00bboff\u00a0\u00bb button_text_color__hover_enabled=\u00a0\u00bboff\u00a0\u00bb button_one_text_color__hover_enabled=\u00a0\u00bboff\u00a0\u00bb button_two_text_color__hover_enabled=\u00a0\u00bboff\u00a0\u00bb button_border_width__hover_enabled=\u00a0\u00bboff\u00a0\u00bb button_one_border_width__hover_enabled=\u00a0\u00bboff\u00a0\u00bb button_two_border_width__hover_enabled=\u00a0\u00bboff\u00a0\u00bb button_border_color__hover_enabled=\u00a0\u00bboff\u00a0\u00bb button_one_border_color__hover_enabled=\u00a0\u00bboff\u00a0\u00bb button_two_border_color__hover_enabled=\u00a0\u00bboff\u00a0\u00bb button_border_radius__hover_enabled=\u00a0\u00bboff\u00a0\u00bb button_one_border_radius__hover_enabled=\u00a0\u00bboff\u00a0\u00bb button_two_border_radius__hover_enabled=\u00a0\u00bboff\u00a0\u00bb button_letter_spacing__hover_enabled=\u00a0\u00bboff\u00a0\u00bb button_one_letter_spacing__hover_enabled=\u00a0\u00bboff\u00a0\u00bb button_two_letter_spacing__hover_enabled=\u00a0\u00bboff\u00a0\u00bb button_bg_color__hover_enabled=\u00a0\u00bboff\u00a0\u00bb button_one_bg_color__hover_enabled=\u00a0\u00bboff\u00a0\u00bb button_two_bg_color__hover_enabled=\u00a0\u00bboff\u00a0\u00bb][\/et_pb_contact_field][et_pb_contact_field field_id=\u00a0\u00bbEmail\u00a0\u00bb field_title=\u00a0\u00bbEmail\u00a0\u00bb field_type=\u00a0\u00bbemail\u00a0\u00bb _builder_version=\u00a0\u00bb3.21.2&Prime; border_radii=\u00a0\u00bbon||||\u00a0\u00bb button_text_size__hover_enabled=\u00a0\u00bboff\u00a0\u00bb button_one_text_size__hover_enabled=\u00a0\u00bboff\u00a0\u00bb button_two_text_size__hover_enabled=\u00a0\u00bboff\u00a0\u00bb button_text_color__hover_enabled=\u00a0\u00bboff\u00a0\u00bb button_one_text_color__hover_enabled=\u00a0\u00bboff\u00a0\u00bb button_two_text_color__hover_enabled=\u00a0\u00bboff\u00a0\u00bb button_border_width__hover_enabled=\u00a0\u00bboff\u00a0\u00bb button_one_border_width__hover_enabled=\u00a0\u00bboff\u00a0\u00bb button_two_border_width__hover_enabled=\u00a0\u00bboff\u00a0\u00bb button_border_color__hover_enabled=\u00a0\u00bboff\u00a0\u00bb button_one_border_color__hover_enabled=\u00a0\u00bboff\u00a0\u00bb button_two_border_color__hover_enabled=\u00a0\u00bboff\u00a0\u00bb button_border_radius__hover_enabled=\u00a0\u00bboff\u00a0\u00bb button_one_border_radius__hover_enabled=\u00a0\u00bboff\u00a0\u00bb button_two_border_radius__hover_enabled=\u00a0\u00bboff\u00a0\u00bb button_letter_spacing__hover_enabled=\u00a0\u00bboff\u00a0\u00bb button_one_letter_spacing__hover_enabled=\u00a0\u00bboff\u00a0\u00bb button_two_letter_spacing__hover_enabled=\u00a0\u00bboff\u00a0\u00bb button_bg_color__hover_enabled=\u00a0\u00bboff\u00a0\u00bb button_one_bg_color__hover_enabled=\u00a0\u00bboff\u00a0\u00bb button_two_bg_color__hover_enabled=\u00a0\u00bboff\u00a0\u00bb][\/et_pb_contact_field][et_pb_contact_field field_id=\u00a0\u00bbtelefono\u00a0\u00bb field_title=\u00a0\u00bb t\u00e9l\u00e9phone\u00a0\u00bb fullwidth_field=\u00a0\u00bbon\u00a0\u00bb _builder_version=\u00a0\u00bb3.21.2&Prime;][\/et_pb_contact_field][et_pb_contact_field field_id=\u00a0\u00bbMessage\u00a0\u00bb field_title=\u00a0\u00bbQue es vous besoin?\u00a0\u00bb field_type=\u00a0\u00bbtext\u00a0\u00bb fullwidth_field=\u00a0\u00bbon\u00a0\u00bb _builder_version=\u00a0\u00bb3.21.2&Prime; border_radii=\u00a0\u00bbon||||\u00a0\u00bb button_text_size__hover_enabled=\u00a0\u00bboff\u00a0\u00bb button_one_text_size__hover_enabled=\u00a0\u00bboff\u00a0\u00bb button_two_text_size__hover_enabled=\u00a0\u00bboff\u00a0\u00bb button_text_color__hover_enabled=\u00a0\u00bboff\u00a0\u00bb button_one_text_color__hover_enabled=\u00a0\u00bboff\u00a0\u00bb button_two_text_color__hover_enabled=\u00a0\u00bboff\u00a0\u00bb button_border_width__hover_enabled=\u00a0\u00bboff\u00a0\u00bb button_one_border_width__hover_enabled=\u00a0\u00bboff\u00a0\u00bb button_two_border_width__hover_enabled=\u00a0\u00bboff\u00a0\u00bb button_border_color__hover_enabled=\u00a0\u00bboff\u00a0\u00bb button_one_border_color__hover_enabled=\u00a0\u00bboff\u00a0\u00bb button_two_border_color__hover_enabled=\u00a0\u00bboff\u00a0\u00bb button_border_radius__hover_enabled=\u00a0\u00bboff\u00a0\u00bb button_one_border_radius__hover_enabled=\u00a0\u00bboff\u00a0\u00bb button_two_border_radius__hover_enabled=\u00a0\u00bboff\u00a0\u00bb button_letter_spacing__hover_enabled=\u00a0\u00bboff\u00a0\u00bb button_one_letter_spacing__hover_enabled=\u00a0\u00bboff\u00a0\u00bb button_two_letter_spacing__hover_enabled=\u00a0\u00bboff\u00a0\u00bb button_bg_color__hover_enabled=\u00a0\u00bboff\u00a0\u00bb button_one_bg_color__hover_enabled=\u00a0\u00bboff\u00a0\u00bb button_two_bg_color__hover_enabled=\u00a0\u00bboff\u00a0\u00bb][\/et_pb_contact_field][et_pb_contact_field field_id=\u00a0\u00bbaceptacion\u00a0\u00bb field_title=\u00a0\u00bb \u00a0\u00bb field_type=\u00a0\u00bbcheckbox\u00a0\u00bb checkbox_options=\u00a0\u00bb%91{%22value%22:%22envoi de ce formulaire, vous acceptez les conditions l\u00e9gales%22,%22checked%22:0,%22dragID%22:-1}%93&Prime; fullwidth_field=\u00a0\u00bbon\u00a0\u00bb _builder_version=\u00a0\u00bb3.21.2&Prime; form_field_font=\u00a0\u00bb||||||||\u00a0\u00bb form_field_text_color=\u00a0\u00bb#e09900&Prime;][\/et_pb_contact_field][\/et_pb_contact_form][et_pb_toggle title=\u00a0\u00bbCumplimiento de la RGPD\u00a0\u00bb _builder_version=\u00a0\u00bb3.21.2&Prime; title_font=\u00a0\u00bb||||||||\u00a0\u00bb title_text_color=\u00a0\u00bb#0c71c3&Prime; title_font_size=\u00a0\u00bb22px\u00a0\u00bb body_font=\u00a0\u00bb||||||||\u00a0\u00bb body_text_color=\u00a0\u00bb#0c71c3&Prime;]<\/p>\n<p><em>Para cumplir la neva lei\u00a0 de protecci\u00f3n de datos i que tus datos esten\u00a0 seguras, tienes de leer i acceptar sus\u00a0<a href=\"\/?page_id=306\">condicions legales<\/a>:<\/em><\/p>\n<p>&nbsp;<\/p>\n<p><strong>.Responsable<\/strong>: Jordi Nicolau.<\/p>\n<p><strong>.Finalidad de los datos<\/strong>: Respondere al mensaje que me env\u00edes a trav\u00e9s del formulario.<\/p>\n<p><strong>.Legimitimaci\u00f3n:<\/strong>\u00a0tu consentimiento de que quieres comunicarte conmigo.<\/p>\n<p><strong>.Almacenamiento de los datos:<\/strong><\/p>\n<p>Base de datos alojada en Hostinger<\/p>\n<p><strong>.Derechos<\/strong>: En qualquier momento puedes limitar, recuperar y buscar tu infaci\u00f3n.<\/p>\n<p>[\/et_pb_toggle][\/et_pb_column][et_pb_column type=\u00a0\u00bb2_5&Prime; _builder_version=\u00a0\u00bb3.21.2&Prime;][et_pb_text _builder_version=\u00a0\u00bb3.21.2&Prime; text_font=\u00a0\u00bb||||||||\u00a0\u00bb text_text_color=\u00a0\u00bb#e09900&Prime; text_font_size=\u00a0\u00bb19px\u00a0\u00bb text_line_height=\u00a0\u00bb1.8em\u00a0\u00bb]<\/p>\n<p><strong>Adr3esse:<\/strong> Mas Seriny\u00e0, Resid\u00e8ncia Casa de Pag\u00e8s, Cam\u00ed des Fornells 16 Les Ferreries. 17459 Campllong, Girona (SPAIN)<\/p>\n<p>&nbsp;<\/p>\n<p><strong>T\u00e9l\u00e9phone:<\/strong> +34\u00a0 640 70 99 96 \/<\/p>\n<p>+34 972 46 12 67<\/p>\n<p><strong>Plus d&rsquo;informations:<\/strong> Venez \u00e0 Mas Seriny\u00e0 o\u00f9 vous apprendrez une cuisine macrobiotique, une vie saine et relaxante dans un lieu fantastique. Pr\u00e8s des principales plages de la Costa Brava et de la ville de G\u00e9rone. Ouvert toute l&rsquo;ann\u00e9e.<\/p>\n<p>&nbsp;<\/p>\n<p>[\/et_pb_text][\/et_pb_column][\/et_pb_row][\/et_pb_section]<\/p>\n","protected":false},"excerpt":{"rendered":"<p>[et_pb_section fb_built=\u00a0\u00bb1&Prime; fullwidth=\u00a0\u00bbon\u00a0\u00bb _builder_version=\u00a0\u00bb3.21.2&Prime;][et_pb_fullwidth_header header_fullscreen=\u00a0\u00bbon\u00a0\u00bb _builder_version=\u00a0\u00bb3.21.2&Prime; background_image=\u00a0\u00bbhttp:\/\/macrobioticamasserinya.com\/wp-content\/uploads\/2019\/05\/fotocontacte.jpg\u00a0\u00bb][\/et_pb_fullwidth_header][\/et_pb_section][et_pb_section fb_built=\u00a0\u00bb1&Prime; _builder_version=\u00a0\u00bb3.21.2&Prime; top_divider_style=\u00a0\u00bbgraph3&Prime; top_divider_color=\u00a0\u00bb#e09900&Prime;][et_pb_row custom_margin=\u00a0\u00bb95px||\u00a0\u00bb _builder_version=\u00a0\u00bb3.21.2&Prime;][et_pb_column type=\u00a0\u00bb1_3&Prime; _builder_version=\u00a0\u00bb3.21.2&Prime;][et_pb_text _builder_version=\u00a0\u00bb3.21.2&Prime; border_width_all=\u00a0\u00bb5px\u00a0\u00bb border_color_all=\u00a0\u00bb#0c71c3&Prime; animation_style=\u00a0\u00bbroll\u00a0\u00bb] [\/et_pb_text][\/et_pb_column][et_pb_column type=\u00a0\u00bb1_3&Prime; _builder_version=\u00a0\u00bb3.21.2&Prime;][et_pb_blurb title=\u00a0\u00bbt\u00e9l\u00e9phone +34 640 70 99 96&Prime; use_icon=\u00a0\u00bbon\u00a0\u00bb font_icon=\u00a0\u00bb%%264%%\u00a0\u00bb icon_color=\u00a0\u00bb#0a9eb5&Prime; use_icon_font_size=\u00a0\u00bbon\u00a0\u00bb icon_font_size=\u00a0\u00bb112px\u00a0\u00bb _builder_version=\u00a0\u00bb3.21.2&Prime; header_font=\u00a0\u00bb||||||||\u00a0\u00bb header_text_align=\u00a0\u00bbcenter\u00a0\u00bb header_text_color=\u00a0\u00bb#e09900&Prime; animation_style=\u00a0\u00bbroll\u00a0\u00bb][\/et_pb_blurb][\/et_pb_column][et_pb_column type=\u00a0\u00bb1_3&Prime; _builder_version=\u00a0\u00bb3.21.2&Prime;][et_pb_blurb title=\u00a0\u00bbmasserinya@gmail.com\u00a0\u00bb use_icon=\u00a0\u00bbon\u00a0\u00bb font_icon=\u00a0\u00bb%%238%%\u00a0\u00bb icon_color=\u00a0\u00bb#0a9eb5&Prime; use_icon_font_size=\u00a0\u00bbon\u00a0\u00bb icon_font_size=\u00a0\u00bb112px\u00a0\u00bb _builder_version=\u00a0\u00bb3.21.2&Prime; header_font=\u00a0\u00bb||||||||\u00a0\u00bb header_text_align=\u00a0\u00bbcenter\u00a0\u00bb header_text_color=\u00a0\u00bb#e09900&Prime; animation_style=\u00a0\u00bbroll\u00a0\u00bb][\/et_pb_blurb][\/et_pb_column][\/et_pb_row][\/et_pb_section][et_pb_section fb_built=\u00a0\u00bb1&Prime; _builder_version=\u00a0\u00bb3.21.2&Prime;][et_pb_row _builder_version=\u00a0\u00bb3.21.2&Prime;][et_pb_column type=\u00a0\u00bb4_4&Prime; [&hellip;]<\/p>\n","protected":false},"author":1,"featured_media":0,"parent":0,"menu_order":0,"comment_status":"closed","ping_status":"closed","template":"","meta":{"_et_pb_use_builder":"on","_et_pb_old_content":"","footnotes":""},"class_list":["post-803","page","type-page","status-publish","hentry"],"_links":{"self":[{"href":"https:\/\/macrobioticamasserinya.com\/fr\/wp-json\/wp\/v2\/pages\/803\/"}],"collection":[{"href":"https:\/\/macrobioticamasserinya.com\/fr\/wp-json\/wp\/v2\/pages\/"}],"about":[{"href":"https:\/\/macrobioticamasserinya.com\/fr\/wp-json\/wp\/v2\/types\/page\/"}],"author":[{"embeddable":true,"href":"https:\/\/macrobioticamasserinya.com\/fr\/wp-json\/wp\/v2\/users\/1\/"}],"replies":[{"embeddable":true,"href":"https:\/\/macrobioticamasserinya.com\/fr\/wp-json\/wp\/v2\/comments\/?post=803"}],"version-history":[{"count":2,"href":"https:\/\/macrobioticamasserinya.com\/fr\/wp-json\/wp\/v2\/pages\/803\/revisions\/"}],"predecessor-version":[{"id":806,"href":"https:\/\/macrobioticamasserinya.com\/fr\/wp-json\/wp\/v2\/pages\/803\/revisions\/806\/"}],"wp:attachment":[{"href":"https:\/\/macrobioticamasserinya.com\/fr\/wp-json\/wp\/v2\/media\/?parent=803"}],"curies":[{"name":"wp","href":"https:\/\/api.w.org\/{rel}","templated":true}]}}